{"id":246,"date":"2019-07-16T08:18:22","date_gmt":"2019-07-16T08:18:22","guid":{"rendered":"https:\/\/demosites.io\/architecture\/?page_id=7"},"modified":"2023-06-19T10:00:27","modified_gmt":"2023-06-19T10:00:27","slug":"contacto","status":"publish","type":"page","link":"https:\/\/gazelcompeticion.com\/en\/contacto\/","title":{"rendered":"Contact"},"content":{"rendered":"<div data-elementor-type=\"wp-post\" data-elementor-id=\"246\" class=\"elementor elementor-246\">\n\t\t\t\t\t\t<section class=\"elementor-section elementor-top-section elementor-element elementor-element-0ca88d2 elementor-section-height-min-height elementor-section-boxed elementor-section-height-default elementor-section-items-middle\" data-id=\"0ca88d2\" data-element_type=\"section\" data-settings=\"{&quot;background_background&quot;:&quot;classic&quot;}\">\n\t\t\t\t\t\t\t<div class=\"elementor-background-overlay\"><\/div>\n\t\t\t\t\t\t\t<div class=\"elementor-container elementor-column-gap-default\">\n\t\t\t\t\t<div class=\"elementor-column elementor-col-100 elementor-top-column elementor-element elementor-element-b243f29\" data-id=\"b243f29\" data-element_type=\"column\">\n\t\t\t<div class=\"elementor-widget-wrap elementor-element-populated\">\n\t\t\t\t\t\t<section class=\"elementor-section elementor-inner-section elementor-element elementor-element-6b299da elementor-section-boxed elementor-section-height-default elementor-section-height-default\" data-id=\"6b299da\" data-element_type=\"section\">\n\t\t\t\t\t\t<div class=\"elementor-container elementor-column-gap-default\">\n\t\t\t\t\t<div class=\"elementor-column elementor-col-100 elementor-inner-column elementor-element elementor-element-8e2510a\" data-id=\"8e2510a\" data-element_type=\"column\">\n\t\t\t<div class=\"elementor-widget-wrap elementor-element-populated\">\n\t\t\t\t\t\t<div class=\"elementor-element elementor-element-ce343eb elementor-widget elementor-widget-heading\" data-id=\"ce343eb\" data-element_type=\"widget\" data-widget_type=\"heading.default\">\n\t\t\t\t<div class=\"elementor-widget-container\">\n\t\t\t\t\t<h1 class=\"elementor-heading-title elementor-size-default\">Contact us<\/h1>\t\t\t\t<\/div>\n\t\t\t\t<\/div>\n\t\t\t\t\t<\/div>\n\t\t<\/div>\n\t\t\t\t\t<\/div>\n\t\t<\/section>\n\t\t\t\t\t<\/div>\n\t\t<\/div>\n\t\t\t\t\t<\/div>\n\t\t<\/section>\n\t\t\t\t<section class=\"elementor-section elementor-top-section elementor-element elementor-element-ee8fa30 elementor-section-boxed elementor-section-height-default elementor-section-height-default\" data-id=\"ee8fa30\" data-element_type=\"section\" data-settings=\"{&quot;background_background&quot;:&quot;classic&quot;}\">\n\t\t\t\t\t\t<div class=\"elementor-container elementor-column-gap-default\">\n\t\t\t\t\t<div class=\"elementor-column elementor-col-100 elementor-top-column elementor-element elementor-element-59e3f55\" data-id=\"59e3f55\" data-element_type=\"column\">\n\t\t\t<div class=\"elementor-widget-wrap elementor-element-populated\">\n\t\t\t\t\t\t<section class=\"elementor-section elementor-inner-section elementor-element elementor-element-4f3b19f elementor-section-boxed elementor-section-height-default elementor-section-height-default\" data-id=\"4f3b19f\" data-element_type=\"section\">\n\t\t\t\t\t\t<div class=\"elementor-container elementor-column-gap-default\">\n\t\t\t\t\t<div class=\"elementor-column elementor-col-50 elementor-inner-column elementor-element elementor-element-1bc1c21\" data-id=\"1bc1c21\" data-element_type=\"column\" data-settings=\"{&quot;background_background&quot;:&quot;classic&quot;}\">\n\t\t\t<div class=\"elementor-widget-wrap elementor-element-populated\">\n\t\t\t\t\t\t<div class=\"elementor-element elementor-element-7ac19c5 elementor-widget elementor-widget-heading\" data-id=\"7ac19c5\" data-element_type=\"widget\" data-widget_type=\"heading.default\">\n\t\t\t\t<div class=\"elementor-widget-container\">\n\t\t\t\t\t<h2 class=\"elementor-heading-title elementor-size-default\">SEND US A MESSAGE<\/h2>\t\t\t\t<\/div>\n\t\t\t\t<\/div>\n\t\t\t\t<div class=\"elementor-element elementor-element-d22e236 elementor-widget elementor-widget-heading\" data-id=\"d22e236\" data-element_type=\"widget\" data-widget_type=\"heading.default\">\n\t\t\t\t<div class=\"elementor-widget-container\">\n\t\t\t\t\t<span class=\"elementor-heading-title elementor-size-large\">GaZeL<\/span>\t\t\t\t<\/div>\n\t\t\t\t<\/div>\n\t\t\t\t\t<\/div>\n\t\t<\/div>\n\t\t\t\t<div class=\"elementor-column elementor-col-50 elementor-inner-column elementor-element elementor-element-739f28e\" data-id=\"739f28e\" data-element_type=\"column\" data-settings=\"{&quot;background_background&quot;:&quot;classic&quot;}\">\n\t\t\t<div class=\"elementor-widget-wrap elementor-element-populated\">\n\t\t\t\t\t\t<div class=\"elementor-element elementor-element-7748006 elementor-widget elementor-widget-content_form_contact\" data-id=\"7748006\" data-element_type=\"widget\" data-widget_type=\"content_form_contact.default\">\n\t\t\t\t<div class=\"elementor-widget-container\">\n\t\t\t\t\t<form action=\"https:\/\/gazelcompeticion.com\/wp-admin\/admin-post.php\" method=\"post\" name=\"content-form-7748006\" id=\"content-form-7748006\" class=\"ti-cf-module content-form content-form-contact content_form_contact\"><input type=\"hidden\" id=\"_wpnonce_contact\" name=\"_wpnonce_contact\" value=\"21cfc11670\" \/><input type=\"hidden\" name=\"_wp_http_referer\" value=\"\/pt\/contacto\/\" \/><input type=\"hidden\" name=\"action\" value=\"content_form_submit\" \/><input type=\"hidden\" name=\"form-type\" value=\"contact\" \/><input type=\"hidden\" name=\"form-builder\" value=\"elementor\" \/><input type=\"hidden\" name=\"post-id\" value=\"246\" \/><input type=\"hidden\" name=\"form-id\" value=\"7748006\" \/><fieldset class=\"content-form-field-text elementor-column elementor-col-100\"><label for=\"data[7748006][name]\" >Name<span class=\"required-mark\"> *<\/span><\/label><input type=\"text\" name=\"data[7748006][name]\" id=\"data[7748006][name]\" required=\"required\"  placeholder=\"Name\"><\/fieldset><fieldset class=\"content-form-field-email elementor-column elementor-col-100\"><label for=\"data[7748006][email]\" >Email<span class=\"required-mark\"> *<\/span><\/label><input type=\"text\" name=\"data[7748006][email]\" id=\"data[7748006][email]\" required=\"required\"  placeholder=\"Email\"><\/fieldset><fieldset class=\"content-form-field-textarea elementor-column elementor-col-100\"><label for=\"data[7748006][message]\" >MESSAGE<span class=\"required-mark\"> *<\/span><\/label><textarea name=\"data[7748006][message]\" id=\"data[7748006][message]\"  required=\"required\" placeholder=\"MESSAGE\" cols=\"30\" rows=\"5\"><\/textarea><\/fieldset><fieldset class=\"submit-form contact\"><button type=\"submit\" name=\"submit\"  value=\"submit-contact-7748006\" class=\"\">Send<\/button><\/fieldset><\/form>\t\t\t\t<\/div>\n\t\t\t\t<\/div>\n\t\t\t\t\t<\/div>\n\t\t<\/div>\n\t\t\t\t\t<\/div>\n\t\t<\/section>\n\t\t\t\t\t<\/div>\n\t\t<\/div>\n\t\t\t\t\t<\/div>\n\t\t<\/section>\n\t\t\t\t<\/div>","protected":false},"excerpt":{"rendered":"<p>Contacta con n\u00f3s ENV\u00edANOS A t\u00faa consulta GaZeL Nome * Email * Mensaxe * Enviar<\/p>","protected":false},"author":1,"featured_media":0,"parent":0,"menu_order":3,"comment_status":"closed","ping_status":"closed","template":"elementor_header_footer","meta":{"neve_meta_sidebar":"","neve_meta_container":"","neve_meta_enable_content_width":"","neve_meta_content_width":70,"neve_meta_title_alignment":"","neve_meta_author_avatar":"","neve_post_elements_order":"","neve_meta_disable_header":"","neve_meta_disable_footer":"","neve_meta_disable_title":"","neve_meta_reading_time":"","_themeisle_gutenberg_block_has_review":false,"_ti_tpc_template_sync":false,"_ti_tpc_template_id":"c95ron3er9oyur4mxwo2","footnotes":""},"class_list":["post-246","page","type-page","status-publish","hentry"],"yoast_head":"<!-- This site is optimized with the Yoast SEO plugin v25.8 - https:\/\/yoast.com\/wordpress\/plugins\/seo\/ -->\n<title>Contacto - GaZeL<\/title>\n<meta name=\"description\" content=\"Mapeado e programaci\u00f3n, planificaci\u00f3n de dese\u00f1o, venta de equipamento, instalaci\u00f3ns el\u00e9ctricas e seguimento en carreira. Ramiro Carnota Calvo\" \/>\n<meta name=\"robots\" content=\"index, follow, max-snippet:-1, max-image-preview:large, max-video-preview:-1\" \/>\n<link rel=\"canonical\" href=\"https:\/\/gazelcompeticion.com\/en\/contacto\/\" \/>\n<meta property=\"og:locale\" content=\"en_GB\" \/>\n<meta property=\"og:type\" content=\"article\" \/>\n<meta property=\"og:title\" content=\"Contacto - GaZeL\" \/>\n<meta property=\"og:description\" content=\"Mapeado e programaci\u00f3n, planificaci\u00f3n de dese\u00f1o, venta de equipamento, instalaci\u00f3ns el\u00e9ctricas e seguimento en carreira. Ramiro Carnota Calvo\" \/>\n<meta property=\"og:url\" content=\"https:\/\/gazelcompeticion.com\/en\/contacto\/\" \/>\n<meta property=\"og:site_name\" content=\"GaZeL\" \/>\n<meta property=\"article:modified_time\" content=\"2023-06-19T10:00:27+00:00\" \/>\n<meta name=\"twitter:card\" content=\"summary_large_image\" \/>\n<meta name=\"twitter:label1\" content=\"Estimated reading time\" \/>\n\t<meta name=\"twitter:data1\" content=\"1 minute\" \/>\n<script type=\"application\/ld+json\" class=\"yoast-schema-graph\">{\"@context\":\"https:\/\/schema.org\",\"@graph\":[{\"@type\":\"WebPage\",\"@id\":\"https:\/\/gazelcompeticion.com\/contacto\/\",\"url\":\"https:\/\/gazelcompeticion.com\/contacto\/\",\"name\":\"Contacto - GaZeL\",\"isPartOf\":{\"@id\":\"https:\/\/gazelcompeticion.com\/#website\"},\"datePublished\":\"2019-07-16T08:18:22+00:00\",\"dateModified\":\"2023-06-19T10:00:27+00:00\",\"description\":\"Mapeado e programaci\u00f3n, planificaci\u00f3n de dese\u00f1o, venta de equipamento, instalaci\u00f3ns el\u00e9ctricas e seguimento en carreira. Ramiro Carnota Calvo\",\"breadcrumb\":{\"@id\":\"https:\/\/gazelcompeticion.com\/contacto\/#breadcrumb\"},\"inLanguage\":\"en-GB\",\"potentialAction\":[{\"@type\":\"ReadAction\",\"target\":[\"https:\/\/gazelcompeticion.com\/contacto\/\"]}]},{\"@type\":\"BreadcrumbList\",\"@id\":\"https:\/\/gazelcompeticion.com\/contacto\/#breadcrumb\",\"itemListElement\":[{\"@type\":\"ListItem\",\"position\":1,\"name\":\"Portada\",\"item\":\"https:\/\/gazelcompeticion.com\/\"},{\"@type\":\"ListItem\",\"position\":2,\"name\":\"Contacto\"}]},{\"@type\":\"WebSite\",\"@id\":\"https:\/\/gazelcompeticion.com\/#website\",\"url\":\"https:\/\/gazelcompeticion.com\/\",\"name\":\"GaZeL competici\u00f3n\",\"description\":\"Gazel\",\"potentialAction\":[{\"@type\":\"SearchAction\",\"target\":{\"@type\":\"EntryPoint\",\"urlTemplate\":\"https:\/\/gazelcompeticion.com\/?s={search_term_string}\"},\"query-input\":{\"@type\":\"PropertyValueSpecification\",\"valueRequired\":true,\"valueName\":\"search_term_string\"}}],\"inLanguage\":\"en-GB\"}]}<\/script>\n<!-- \/ Yoast SEO plugin. -->","yoast_head_json":{"title":"Contacto - GaZeL","description":"Mapeado e programaci\u00f3n, planificaci\u00f3n de dese\u00f1o, venta de equipamento, instalaci\u00f3ns el\u00e9ctricas e seguimento en carreira. Ramiro Carnota Calvo","robots":{"index":"index","follow":"follow","max-snippet":"max-snippet:-1","max-image-preview":"max-image-preview:large","max-video-preview":"max-video-preview:-1"},"canonical":"https:\/\/gazelcompeticion.com\/en\/contacto\/","og_locale":"en_GB","og_type":"article","og_title":"Contacto - GaZeL","og_description":"Mapeado e programaci\u00f3n, planificaci\u00f3n de dese\u00f1o, venta de equipamento, instalaci\u00f3ns el\u00e9ctricas e seguimento en carreira. Ramiro Carnota Calvo","og_url":"https:\/\/gazelcompeticion.com\/en\/contacto\/","og_site_name":"GaZeL","article_modified_time":"2023-06-19T10:00:27+00:00","twitter_card":"summary_large_image","twitter_misc":{"Estimated reading time":"1 minute"},"schema":{"@context":"https:\/\/schema.org","@graph":[{"@type":"WebPage","@id":"https:\/\/gazelcompeticion.com\/contacto\/","url":"https:\/\/gazelcompeticion.com\/contacto\/","name":"Contacto - GaZeL","isPartOf":{"@id":"https:\/\/gazelcompeticion.com\/#website"},"datePublished":"2019-07-16T08:18:22+00:00","dateModified":"2023-06-19T10:00:27+00:00","description":"Mapeado e programaci\u00f3n, planificaci\u00f3n de dese\u00f1o, venta de equipamento, instalaci\u00f3ns el\u00e9ctricas e seguimento en carreira. Ramiro Carnota Calvo","breadcrumb":{"@id":"https:\/\/gazelcompeticion.com\/contacto\/#breadcrumb"},"inLanguage":"en-GB","potentialAction":[{"@type":"ReadAction","target":["https:\/\/gazelcompeticion.com\/contacto\/"]}]},{"@type":"BreadcrumbList","@id":"https:\/\/gazelcompeticion.com\/contacto\/#breadcrumb","itemListElement":[{"@type":"ListItem","position":1,"name":"Portada","item":"https:\/\/gazelcompeticion.com\/"},{"@type":"ListItem","position":2,"name":"Contacto"}]},{"@type":"WebSite","@id":"https:\/\/gazelcompeticion.com\/#website","url":"https:\/\/gazelcompeticion.com\/","name":"GaZeL competici\u00f3n","description":"Gazel","potentialAction":[{"@type":"SearchAction","target":{"@type":"EntryPoint","urlTemplate":"https:\/\/gazelcompeticion.com\/?s={search_term_string}"},"query-input":{"@type":"PropertyValueSpecification","valueRequired":true,"valueName":"search_term_string"}}],"inLanguage":"en-GB"}]}},"_links":{"self":[{"href":"https:\/\/gazelcompeticion.com\/en\/wp-json\/wp\/v2\/pages\/246","targetHints":{"allow":["GET"]}}],"collection":[{"href":"https:\/\/gazelcompeticion.com\/en\/wp-json\/wp\/v2\/pages"}],"about":[{"href":"https:\/\/gazelcompeticion.com\/en\/wp-json\/wp\/v2\/types\/page"}],"author":[{"embeddable":true,"href":"https:\/\/gazelcompeticion.com\/en\/wp-json\/wp\/v2\/users\/1"}],"replies":[{"embeddable":true,"href":"https:\/\/gazelcompeticion.com\/en\/wp-json\/wp\/v2\/comments?post=246"}],"version-history":[{"count":35,"href":"https:\/\/gazelcompeticion.com\/en\/wp-json\/wp\/v2\/pages\/246\/revisions"}],"predecessor-version":[{"id":655,"href":"https:\/\/gazelcompeticion.com\/en\/wp-json\/wp\/v2\/pages\/246\/revisions\/655"}],"wp:attachment":[{"href":"https:\/\/gazelcompeticion.com\/en\/wp-json\/wp\/v2\/media?parent=246"}],"curies":[{"name":"wp","href":"https:\/\/api.w.org\/{rel}","templated":true}]}}