{"id":249,"date":"2019-07-17T10:50:16","date_gmt":"2019-07-17T10:50:16","guid":{"rendered":"https:\/\/demosites.io\/architecture\/?page_id=102"},"modified":"2023-05-19T17:12:53","modified_gmt":"2023-05-19T17:12:53","slug":"privacy","status":"publish","type":"page","link":"https:\/\/gazelcompeticion.com\/pt\/privacy\/","title":{"rendered":"Aviso Legal"},"content":{"rendered":"<div data-elementor-type=\"wp-post\" data-elementor-id=\"249\" class=\"elementor elementor-249\">\n\t\t\t\t\t\t<section class=\"elementor-section elementor-top-section elementor-element elementor-element-79110a3 elementor-section-boxed elementor-section-height-default elementor-section-height-default\" data-id=\"79110a3\" data-element_type=\"section\">\n\t\t\t\t\t\t<div class=\"elementor-container elementor-column-gap-default\">\n\t\t\t\t\t<div class=\"elementor-column elementor-col-100 elementor-top-column elementor-element elementor-element-513c5b5\" data-id=\"513c5b5\" data-element_type=\"column\">\n\t\t\t<div class=\"elementor-widget-wrap elementor-element-populated\">\n\t\t\t\t\t\t<div class=\"elementor-element elementor-element-471d20a elementor-widget elementor-widget-spacer\" data-id=\"471d20a\" data-element_type=\"widget\" data-widget_type=\"spacer.default\">\n\t\t\t\t<div class=\"elementor-widget-container\">\n\t\t\t\t\t\t\t<div class=\"elementor-spacer\">\n\t\t\t<div class=\"elementor-spacer-inner\"><\/div>\n\t\t<\/div>\n\t\t\t\t\t\t<\/div>\n\t\t\t\t<\/div>\n\t\t\t\t<div class=\"elementor-element elementor-element-73733ad elementor-widget elementor-widget-heading\" data-id=\"73733ad\" data-element_type=\"widget\" data-widget_type=\"heading.default\">\n\t\t\t\t<div class=\"elementor-widget-container\">\n\t\t\t\t\t<h2 class=\"elementor-heading-title elementor-size-default\">AVISO LEGAL E PRIVACIDADE <\/h2>\t\t\t\t<\/div>\n\t\t\t\t<\/div>\n\t\t\t\t<div class=\"elementor-element elementor-element-0a0eb44 elementor-widget elementor-widget-spacer\" data-id=\"0a0eb44\" data-element_type=\"widget\" data-widget_type=\"spacer.default\">\n\t\t\t\t<div class=\"elementor-widget-container\">\n\t\t\t\t\t\t\t<div class=\"elementor-spacer\">\n\t\t\t<div class=\"elementor-spacer-inner\"><\/div>\n\t\t<\/div>\n\t\t\t\t\t\t<\/div>\n\t\t\t\t<\/div>\n\t\t\t\t<div class=\"elementor-element elementor-element-377a583 elementor-widget elementor-widget-text-editor\" data-id=\"377a583\" data-element_type=\"widget\" data-widget_type=\"text-editor.default\">\n\t\t\t\t<div class=\"elementor-widget-container\">\n\t\t\t\t\t\t\t\t\t<h3>1. Identificaci\u00f3n e Titularidade<\/h3><p>En cumprimento do artigo 10 da Lei 34 \/ 2002, do 11 de xullo, de servizos da sociedade da informaci\u00f3n e comercio electr\u00f3nico, o Titular exp\u00f3n os seus datos identificativos:<\/p><ul><li>Titular: Ramiro Calvo Carnota<\/li><li>NIF: 34893729S<\/li><li>Domicilio: Vexo 13, 15285 Bri\u00f3n<\/li><li>Correo electr\u00f3nico: info@gazelcompeticion.com<\/li><li>Sitio web URL: http:\/\/gazelcompeticion.com<\/li><\/ul><div>\u00a0<\/div><div>\u00a0<\/div><h3>2. FINALIDADE<\/h3><p>A finalidade do sitio web URL \u00e9 amosar os servizos que se poden<br \/>proporcionar e permitir o contacto de posibles clientes\/as.<\/p><h3>3. CONDICI\u00f3NS DE USO<\/h3><p>A utilizaci\u00f3n do sitio web out\u00f3rgalle a condici\u00f3n de Usuario\/a e implica a<br \/>aceptaci\u00f3n completa de todas as cl\u00e1usulas e condici\u00f3ns de uso inclu\u00eddas<br \/>nesta p\u00e1xina. Se non estivese conforme con todas e cada unha destas<br \/>cl\u00e1usulas e condici\u00f3ns abst\u00e9\u00f1ase de empregar este sitio web.<\/p><p>O acceso a este sitio web non sup\u00f3n, de ning\u00fan xeito, o inicio dunha relaci\u00f3n<br \/>comercial co Titular.<\/p><p>A trav\u00e9s deste sitio web, o Titular facil\u00edtalle o acceso e a utilizaci\u00f3n de<br \/>diversos contidos que o Titular ou os seus colaboradores\/as publicaron por<br \/>medio de Internet.<\/p><p>A tal efecto, vostede ten a obriga e comprom\u00e9tese a NON utilizar calquera<br \/>dos contidos do sitio web con fins ou efectos il\u00edcitos, prohibidos neste Aviso<br \/>Legal ou pola lexislaci\u00f3n vixente, lesivos dos dereitos e intereses de terceiros,<br \/>ou que de calquera forma poidan danar, inutilizar, sobrecargar, deteriorar ou<br \/>impedir a normal utilizaci\u00f3n dos contidos, os equipos inform\u00e1ticos ou os<br \/>documentos, arquivos e toda clase de contidos almacenados en calquera<br \/>equipo inform\u00e1tico propio ou contratado polo Titular, de outros\/as usuarios\/as<br \/>ou de calquera usuario\/a de Internet.<\/p><h3>4. Contidos<\/h3><p>O Titular obtivo a informaci\u00f3n, o contido multimedia e os materiais inclu\u00eddos<br \/>no sitio web de fontes que considera fiables, pero a\u00ednda que se tomaron todas<br \/>as medidas razo\u00e1beis para asegurar que a informaci\u00f3n contida \u00e9 correcta, o<br \/>Titular non garante que sexa exacta, completa ou actualizada. O Titular<br \/>declina expresamente calquera responsabilidade por erro ou omisi\u00f3n na<br \/>informaci\u00f3n contida nas p\u00e1xinas deste sitio web.<\/p><p>Queda prohibido transmitir ou enviar a trav\u00e9s de sitio web calquera contido<br \/>ilegal ou il\u00edcito, virus inform\u00e1ticos, ou mensaxes que, en xeral, afecten ou<br \/>violen dereitos do Titular ou de terceiros\/as.<\/p><p>Os contidos do Sitio web te\u00f1en unicamente unha finalidade informativa e<br \/>baixo ningunha circunstancia deben usarse nin considerarse como oferta de<br \/>venta, solicitude dunha oferta de compra nin recomendaci\u00f3n para realizar<br \/>calquera outra operaci\u00f3n, ag\u00e1s que se indique expresamente.<\/p><p>O Titular res\u00e9rvase o dereito a modificar, suspender, cancelar ou restrinxir o<br \/>contido do sitio web, os v\u00ednculos ou a informaci\u00f3n obtida a trav\u00e9s do sitio web,<br \/>sen necesidade de previo aviso.<\/p><p>O Titular non \u00e9 respons\u00e1bel dos danos e prexu\u00edzos que puideran derivarse da<br \/>utilizaci\u00f3n da informaci\u00f3n do sitio web ou da contida nas redes sociais do<br \/>Titular.<\/p><h3>5. Pol\u00edtica de cookies<\/h3><p>Neste sitio web no se empregan cookies.<\/p><div>\u00a0<\/div><h3>6. LIGAz\u00d3NS de interese a outros sitios Web<\/h3><p>O Titular pode proporcionarlle acceso a sitios web de terceiros\/as mediante<br \/>enlaces coa finalidade de informar sobre a existencia doutras fontes de<br \/>informaci\u00f3n en Internet nas que poder\u00e1 ampliar os datos ofrecidos no sitio<br \/>web.<\/p><p>Estas ligaz\u00f3ns a outros sitios web non supo\u00f1en en ning\u00fan caso unha<br \/>suxesti\u00f3n ou recomendaci\u00f3n para que vostede visite as p\u00e1xinas web de<br \/>destino, que est\u00e1n f\u00f3ra do control do Titular, polo que o Titular non \u00e9<br \/>respons\u00e1bel do contido dos sitios web vinculados nin do resultado que obte\u00f1a<br \/>ao seguir os enlaces.<\/p><p>As\u00ed mesmo, o Titular non responde dos links ou enlaces dispostos nos sitios<br \/>web vinculados aos que lle proporciona acceso.<\/p><p>O establecemento do enlace non implica en ning\u00fan caso a existencia de<br \/>relaci\u00f3ns entre Titular e o propietario\/a do sitio no que se estableza o enlace,<br \/>nin a aceptaci\u00f3n ou aprobaci\u00f3n por parte do Titular dos seus contidos ou<br \/>servizos.<\/p><p>Se accede a un sitio web externo dende un enlace que encontra no sitio web,<br \/>vostede deber\u00e1 ler a propia pol\u00edtica de privacidade do outro sitio web que<br \/>pode ser diferente da deste sitio web.<\/p><h3>7.Propiedade intelectual e industrial<\/h3><p>Todo os dereitos est\u00e1n reservados.<\/p><p>Todo acceso a este sitio web est\u00e1 suxeito \u00e1s seguintes condici\u00f3ns: a<br \/>reproduci\u00f3n, almacenaxe permanente e a difusi\u00f3n dos contidos ou calquera<br \/>outro uso que te\u00f1a finalidade p\u00fablica ou comercial queda expresamente<br \/>prohibida sen o consentimento previo expreso e por escrito do Titular.<\/p><h3>8.Limitaci\u00f3n de responsabilidade<\/h3><p>A informaci\u00f3n e servizos inclu\u00eddos ou dispo\u00f1\u00edbeis a trav\u00e9s deste sitio web<br \/>poden inclu\u00edr incorrecci\u00f3ns ou erros tipogr\u00e1ficos. De forma peri\u00f3dica o Titular<br \/>incorporar\u00e1 melloras e\/ou cambios \u00e1 informaci\u00f3n contida e\/ou aos Servizos<br \/>que poder\u00e1 introducir en calquera momento.<\/p><p>O Titular non declara nin garante que os servizos ou contidos sexan<br \/>interrompidos ou que estean libres de erros, nin que os defectos sexan<br \/>corrixidos, ou que o servizo ou o servidor que o pon a disposici\u00f3n estean<br \/>libres de virus ou outros compo\u00f1entes nocivos sen prexu\u00edzo de que o Titular<br \/>realice todos os esforzos en evitar este tipo de incidentes.<\/p><p>O Titular declina calquera responsabilidade en caso de que existan<br \/>interrupci\u00f3ns ou un mal funcionamento dos Servizos ou contidos ofrecidos en<br \/>Internet, calquera que sexa a s\u00faa causa. As\u00ed mesmo, o Titular non se fai<br \/>respons\u00e1bel por ca\u00eddas da Rede, perda de negocio a consecuencia de ditas<br \/>ca\u00eddas, suspensi\u00f3ns temporais de flu\u00eddo el\u00e9ctrico ou calquera outro tipo de<br \/>dano indirecto que poida ser causado por causas alleas ao Titular.<\/p><p>Antes de tomar decisi\u00f3ns e\/ou acci\u00f3ns con base \u00e1 informaci\u00f3n inclu\u00edda no<br \/>sitio web, o Titular recom\u00e9ndalle comprobar e contrastar a informaci\u00f3n<br \/>recibida con outras fontes.<\/p><h3>9. Xurisdici\u00f3n<\/h3><p>Este Aviso Legal r\u00e9xese integramente pola lexislaci\u00f3n espa\u00f1ola.<\/p><p>Sempre que non haxa unha norma que obrigue a outra cousa, para cantas<br \/>cuesti\u00f3ns se susciten sobre a interpretaci\u00f3n, aplicaci\u00f3n e cumprimento de<br \/>este Aviso Legal, as\u00ed como das reclamaci\u00f3ns que poidan derivarse do seu<br \/>uso, as partes acordan someterse aos Xu\u00edces e Tribunais da provincia de A<br \/>CORU\u00d1A, con renuncia expresa de calquera outra xurisdici\u00f3n que puidera<br \/>corresponderlles.<\/p><h3>10. Pol\u00edtica de datos<\/h3><p>O presente sitio web unicamente trata o nome e o correo electr\u00f3nico recibidos a trav\u00e9s do formulario de contacto, sendo utilizados estes unicamente para contestar a ese contacto. Pode contactar a trav\u00e9s do correo electr\u00f3nico para solicitar que estes datos non sexan utilizados.<\/p>\t\t\t\t\t\t\t\t<\/div>\n\t\t\t\t<\/div>\n\t\t\t\t\t<\/div>\n\t\t<\/div>\n\t\t\t\t\t<\/div>\n\t\t<\/section>\n\t\t\t\t<\/div>","protected":false},"excerpt":{"rendered":"<p>AVISO LEGAL E PRIVACIDADE 1. Identificaci\u00f3n e Titularidade En cumprimento do artigo 10 da Lei 34 \/ 2002, do 11 de xullo, de servizos da sociedade da informaci\u00f3n e comercio electr\u00f3nico, o Titular exp\u00f3n os seus datos identificativos: Titular: Ramiro Calvo Carnota NIF: 34893729S Domicilio: Vexo 13, 15285 Bri\u00f3n Correo electr\u00f3nico: info@gazelcompeticion.com Sitio web URL:&hellip;&nbsp;<a href=\"https:\/\/gazelcompeticion.com\/pt\/privacy\/\" class=\"\" rel=\"bookmark\">Read More &raquo;<span class=\"screen-reader-text\">Aviso Legal<\/span><\/a><\/p>","protected":false},"author":1,"featured_media":0,"parent":0,"menu_order":3,"comment_status":"closed","ping_status":"closed","template":"page-templates\/template-pagebuilder-full-width.php","meta":{"neve_meta_sidebar":"","neve_meta_container":"","neve_meta_enable_content_width":"","neve_meta_content_width":63,"neve_meta_title_alignment":"","neve_meta_author_avatar":"","neve_post_elements_order":"","neve_meta_disable_header":"","neve_meta_disable_footer":"","neve_meta_disable_title":"","neve_meta_reading_time":"","_themeisle_gutenberg_block_has_review":false,"_ti_tpc_template_sync":false,"_ti_tpc_template_id":"","footnotes":""},"class_list":["post-249","page","type-page","status-publish","hentry"],"yoast_head":"<!-- This site is optimized with the Yoast SEO plugin v25.8 - https:\/\/yoast.com\/wordpress\/plugins\/seo\/ -->\n<title>Aviso legal - GaZeL<\/title>\n<meta name=\"description\" content=\"Mapeado e programaci\u00f3n, planificaci\u00f3n de dese\u00f1o, venta de equipamento, instalaci\u00f3ns el\u00e9ctricas e seguimento en carreira. Ramiro Carnota Calvo\" \/>\n<meta name=\"robots\" content=\"index, follow, max-snippet:-1, max-image-preview:large, max-video-preview:-1\" \/>\n<link rel=\"canonical\" href=\"https:\/\/gazelcompeticion.com\/pt\/privacy\/\" \/>\n<meta property=\"og:locale\" content=\"pt_PT\" \/>\n<meta property=\"og:type\" content=\"article\" \/>\n<meta property=\"og:title\" content=\"Aviso legal - GaZeL\" \/>\n<meta property=\"og:description\" content=\"Mapeado e programaci\u00f3n, planificaci\u00f3n de dese\u00f1o, venta de equipamento, instalaci\u00f3ns el\u00e9ctricas e seguimento en carreira. Ramiro Carnota Calvo\" \/>\n<meta property=\"og:url\" content=\"https:\/\/gazelcompeticion.com\/pt\/privacy\/\" \/>\n<meta property=\"og:site_name\" content=\"GaZeL\" \/>\n<meta property=\"article:modified_time\" content=\"2023-05-19T17:12:53+00:00\" \/>\n<meta name=\"twitter:card\" content=\"summary_large_image\" \/>\n<meta name=\"twitter:label1\" content=\"Tempo estimado de leitura\" \/>\n\t<meta name=\"twitter:data1\" content=\"5 minutos\" \/>\n<script type=\"application\/ld+json\" class=\"yoast-schema-graph\">{\"@context\":\"https:\/\/schema.org\",\"@graph\":[{\"@type\":\"WebPage\",\"@id\":\"https:\/\/gazelcompeticion.com\/privacy\/\",\"url\":\"https:\/\/gazelcompeticion.com\/privacy\/\",\"name\":\"Aviso legal - GaZeL\",\"isPartOf\":{\"@id\":\"https:\/\/gazelcompeticion.com\/#website\"},\"datePublished\":\"2019-07-17T10:50:16+00:00\",\"dateModified\":\"2023-05-19T17:12:53+00:00\",\"description\":\"Mapeado e programaci\u00f3n, planificaci\u00f3n de dese\u00f1o, venta de equipamento, instalaci\u00f3ns el\u00e9ctricas e seguimento en carreira. Ramiro Carnota Calvo\",\"breadcrumb\":{\"@id\":\"https:\/\/gazelcompeticion.com\/privacy\/#breadcrumb\"},\"inLanguage\":\"pt-PT\",\"potentialAction\":[{\"@type\":\"ReadAction\",\"target\":[\"https:\/\/gazelcompeticion.com\/privacy\/\"]}]},{\"@type\":\"BreadcrumbList\",\"@id\":\"https:\/\/gazelcompeticion.com\/privacy\/#breadcrumb\",\"itemListElement\":[{\"@type\":\"ListItem\",\"position\":1,\"name\":\"Portada\",\"item\":\"https:\/\/gazelcompeticion.com\/\"},{\"@type\":\"ListItem\",\"position\":2,\"name\":\"Aviso legal\"}]},{\"@type\":\"WebSite\",\"@id\":\"https:\/\/gazelcompeticion.com\/#website\",\"url\":\"https:\/\/gazelcompeticion.com\/\",\"name\":\"GaZeL competici\u00f3n\",\"description\":\"Gazel\",\"potentialAction\":[{\"@type\":\"SearchAction\",\"target\":{\"@type\":\"EntryPoint\",\"urlTemplate\":\"https:\/\/gazelcompeticion.com\/?s={search_term_string}\"},\"query-input\":{\"@type\":\"PropertyValueSpecification\",\"valueRequired\":true,\"valueName\":\"search_term_string\"}}],\"inLanguage\":\"pt-PT\"}]}<\/script>\n<!-- \/ Yoast SEO plugin. -->","yoast_head_json":{"title":"Aviso legal - GaZeL","description":"Mapeado e programaci\u00f3n, planificaci\u00f3n de dese\u00f1o, venta de equipamento, instalaci\u00f3ns el\u00e9ctricas e seguimento en carreira. Ramiro Carnota Calvo","robots":{"index":"index","follow":"follow","max-snippet":"max-snippet:-1","max-image-preview":"max-image-preview:large","max-video-preview":"max-video-preview:-1"},"canonical":"https:\/\/gazelcompeticion.com\/pt\/privacy\/","og_locale":"pt_PT","og_type":"article","og_title":"Aviso legal - GaZeL","og_description":"Mapeado e programaci\u00f3n, planificaci\u00f3n de dese\u00f1o, venta de equipamento, instalaci\u00f3ns el\u00e9ctricas e seguimento en carreira. Ramiro Carnota Calvo","og_url":"https:\/\/gazelcompeticion.com\/pt\/privacy\/","og_site_name":"GaZeL","article_modified_time":"2023-05-19T17:12:53+00:00","twitter_card":"summary_large_image","twitter_misc":{"Tempo estimado de leitura":"5 minutos"},"schema":{"@context":"https:\/\/schema.org","@graph":[{"@type":"WebPage","@id":"https:\/\/gazelcompeticion.com\/privacy\/","url":"https:\/\/gazelcompeticion.com\/privacy\/","name":"Aviso legal - GaZeL","isPartOf":{"@id":"https:\/\/gazelcompeticion.com\/#website"},"datePublished":"2019-07-17T10:50:16+00:00","dateModified":"2023-05-19T17:12:53+00:00","description":"Mapeado e programaci\u00f3n, planificaci\u00f3n de dese\u00f1o, venta de equipamento, instalaci\u00f3ns el\u00e9ctricas e seguimento en carreira. Ramiro Carnota Calvo","breadcrumb":{"@id":"https:\/\/gazelcompeticion.com\/privacy\/#breadcrumb"},"inLanguage":"pt-PT","potentialAction":[{"@type":"ReadAction","target":["https:\/\/gazelcompeticion.com\/privacy\/"]}]},{"@type":"BreadcrumbList","@id":"https:\/\/gazelcompeticion.com\/privacy\/#breadcrumb","itemListElement":[{"@type":"ListItem","position":1,"name":"Portada","item":"https:\/\/gazelcompeticion.com\/"},{"@type":"ListItem","position":2,"name":"Aviso legal"}]},{"@type":"WebSite","@id":"https:\/\/gazelcompeticion.com\/#website","url":"https:\/\/gazelcompeticion.com\/","name":"GaZeL competici\u00f3n","description":"Gazel","potentialAction":[{"@type":"SearchAction","target":{"@type":"EntryPoint","urlTemplate":"https:\/\/gazelcompeticion.com\/?s={search_term_string}"},"query-input":{"@type":"PropertyValueSpecification","valueRequired":true,"valueName":"search_term_string"}}],"inLanguage":"pt-PT"}]}},"_links":{"self":[{"href":"https:\/\/gazelcompeticion.com\/pt\/wp-json\/wp\/v2\/pages\/249","targetHints":{"allow":["GET"]}}],"collection":[{"href":"https:\/\/gazelcompeticion.com\/pt\/wp-json\/wp\/v2\/pages"}],"about":[{"href":"https:\/\/gazelcompeticion.com\/pt\/wp-json\/wp\/v2\/types\/page"}],"author":[{"embeddable":true,"href":"https:\/\/gazelcompeticion.com\/pt\/wp-json\/wp\/v2\/users\/1"}],"replies":[{"embeddable":true,"href":"https:\/\/gazelcompeticion.com\/pt\/wp-json\/wp\/v2\/comments?post=249"}],"version-history":[{"count":27,"href":"https:\/\/gazelcompeticion.com\/pt\/wp-json\/wp\/v2\/pages\/249\/revisions"}],"predecessor-version":[{"id":644,"href":"https:\/\/gazelcompeticion.com\/pt\/wp-json\/wp\/v2\/pages\/249\/revisions\/644"}],"wp:attachment":[{"href":"https:\/\/gazelcompeticion.com\/pt\/wp-json\/wp\/v2\/media?parent=249"}],"curies":[{"name":"wp","href":"https:\/\/api.w.org\/{rel}","templated":true}]}}